{"id":16,"date":"2025-01-02T09:58:32","date_gmt":"2025-01-02T12:58:32","guid":{"rendered":"https:\/\/mwm.dreamhosters.com\/?page_id=16"},"modified":"2025-11-25T21:03:49","modified_gmt":"2025-11-26T00:03:49","slug":"empresa","status":"publish","type":"page","link":"https:\/\/mwm.dreamhosters.com\/pt\/empresa\/","title":{"rendered":"A Empresa"},"content":{"rendered":"<p style=\"text-align: left!important;\"><b>Empresa MWM: Inova\u00e7\u00e3o e excel\u00eancia em solu\u00e7\u00f5es para os mais diversos segmentos.<\/b><\/p>\n","protected":false},"excerpt":{"rendered":"<p>Empresa MWM: Inova\u00e7\u00e3o e excel\u00eancia em solu\u00e7\u00f5es para os mais diversos segmentos.<\/p>\n","protected":false},"author":1,"featured_media":1114,"parent":0,"menu_order":0,"comment_status":"closed","ping_status":"closed","template":"","meta":{"_acf_changed":false,"inline_featured_image":false,"footnotes":""},"class_list":["post-16","page","type-page","status-publish","has-post-thumbnail","hentry"],"acf":[],"yoast_head":"<!-- This site is optimized with the Yoast SEO Premium plugin v26.4 (Yoast SEO v26.6) - https:\/\/yoast.com\/wordpress\/plugins\/seo\/ -->\n<title>Empresa MWM: Excel\u00eancia nos mais diversos segmentos<\/title>\n<meta name=\"description\" content=\"Empresa: Conhe\u00e7a a MWM, refer\u00eancia em solu\u00e7\u00f5es dos mais diversos segmentos e com mais de 70 anos de excel\u00eancia. Integrante do grupo Tupy.\" \/>\n<meta name=\"robots\" content=\"noindex, follow, max-snippet:-1, max-image-preview:large, max-video-preview:-1\" \/>\n<meta property=\"og:locale\" content=\"pt_BR\" \/>\n<meta property=\"og:type\" content=\"article\" \/>\n<meta property=\"og:title\" content=\"A Empresa\" \/>\n<meta property=\"og:description\" content=\"Empresa: Conhe\u00e7a a MWM, refer\u00eancia em solu\u00e7\u00f5es dos mais diversos segmentos e com mais de 70 anos de excel\u00eancia. Integrante do grupo Tupy.\" \/>\n<meta property=\"og:url\" content=\"https:\/\/mwm.dreamhosters.com\/pt\/empresa\/\" \/>\n<meta property=\"og:site_name\" content=\"MWM\" \/>\n<meta property=\"article:modified_time\" content=\"2025-11-26T00:03:49+00:00\" \/>\n<meta property=\"og:image\" content=\"https:\/\/mwm.dreamhosters.com\/wp-content\/uploads\/2025\/07\/hero_institucionais_02.jpg\" \/>\n\t<meta property=\"og:image:width\" content=\"609\" \/>\n\t<meta property=\"og:image:height\" content=\"600\" \/>\n\t<meta property=\"og:image:type\" content=\"image\/jpeg\" \/>\n<meta name=\"twitter:card\" content=\"summary_large_image\" \/>\n<meta name=\"twitter:label1\" content=\"Est. tempo de leitura\" \/>\n\t<meta name=\"twitter:data1\" content=\"2 minutos\" \/>\n<script type=\"application\/ld+json\" class=\"yoast-schema-graph\">{\"@context\":\"https:\/\/schema.org\",\"@graph\":[{\"@type\":\"WebPage\",\"@id\":\"https:\/\/mwm.dreamhosters.com\/empresa\/\",\"url\":\"https:\/\/mwm.dreamhosters.com\/empresa\/\",\"name\":\"Empresa MWM: Excel\u00eancia nos mais diversos segmentos\",\"isPartOf\":{\"@id\":\"https:\/\/mwm.dreamhosters.com\/#website\"},\"primaryImageOfPage\":{\"@id\":\"https:\/\/mwm.dreamhosters.com\/empresa\/#primaryimage\"},\"image\":{\"@id\":\"https:\/\/mwm.dreamhosters.com\/empresa\/#primaryimage\"},\"thumbnailUrl\":\"https:\/\/mwm.dreamhosters.com\/wp-content\/uploads\/2025\/07\/hero_institucionais_02.jpg\",\"datePublished\":\"2025-01-02T12:58:32+00:00\",\"dateModified\":\"2025-11-26T00:03:49+00:00\",\"description\":\"Empresa: Conhe\u00e7a a MWM, refer\u00eancia em solu\u00e7\u00f5es dos mais diversos segmentos e com mais de 70 anos de excel\u00eancia. Integrante do grupo Tupy.\",\"breadcrumb\":{\"@id\":\"https:\/\/mwm.dreamhosters.com\/empresa\/#breadcrumb\"},\"inLanguage\":\"pt-BR\",\"potentialAction\":[{\"@type\":\"ReadAction\",\"target\":[\"https:\/\/mwm.dreamhosters.com\/empresa\/\"]}]},{\"@type\":\"ImageObject\",\"inLanguage\":\"pt-BR\",\"@id\":\"https:\/\/mwm.dreamhosters.com\/empresa\/#primaryimage\",\"url\":\"https:\/\/mwm.dreamhosters.com\/wp-content\/uploads\/2025\/07\/hero_institucionais_02.jpg\",\"contentUrl\":\"https:\/\/mwm.dreamhosters.com\/wp-content\/uploads\/2025\/07\/hero_institucionais_02.jpg\",\"width\":609,\"height\":600,\"caption\":\"Empresa\"},{\"@type\":\"BreadcrumbList\",\"@id\":\"https:\/\/mwm.dreamhosters.com\/empresa\/#breadcrumb\",\"itemListElement\":[{\"@type\":\"ListItem\",\"position\":1,\"name\":\"Home\",\"item\":\"https:\/\/mwm.dreamhosters.com\/\"},{\"@type\":\"ListItem\",\"position\":2,\"name\":\"A Empresa\"}]},{\"@type\":\"WebSite\",\"@id\":\"https:\/\/mwm.dreamhosters.com\/#website\",\"url\":\"https:\/\/mwm.dreamhosters.com\/\",\"name\":\"MWM - Home\",\"description\":\"Home\",\"publisher\":{\"@id\":\"https:\/\/mwm.dreamhosters.com\/#organization\"},\"alternateName\":\"Home\",\"potentialAction\":[{\"@type\":\"SearchAction\",\"target\":{\"@type\":\"EntryPoint\",\"urlTemplate\":\"https:\/\/mwm.dreamhosters.com\/?s={search_term_string}\"},\"query-input\":{\"@type\":\"PropertyValueSpecification\",\"valueRequired\":true,\"valueName\":\"search_term_string\"}}],\"inLanguage\":\"pt-BR\"},{\"@type\":\"Organization\",\"@id\":\"https:\/\/mwm.dreamhosters.com\/#organization\",\"name\":\"MWM Motores e Geradores\",\"url\":\"https:\/\/mwm.dreamhosters.com\/\",\"logo\":{\"@type\":\"ImageObject\",\"inLanguage\":\"pt-BR\",\"@id\":\"https:\/\/mwm.dreamhosters.com\/#\/schema\/logo\/image\/\",\"url\":\"https:\/\/mwm.dreamhosters.com\/wp-content\/uploads\/2025\/06\/Logo-2.png\",\"contentUrl\":\"https:\/\/mwm.dreamhosters.com\/wp-content\/uploads\/2025\/06\/Logo-2.png\",\"width\":130,\"height\":57,\"caption\":\"MWM Motores e Geradores\"},\"image\":{\"@id\":\"https:\/\/mwm.dreamhosters.com\/#\/schema\/logo\/image\/\"}}]}<\/script>\n<!-- \/ Yoast SEO Premium plugin. -->","yoast_head_json":{"title":"Empresa MWM: Excel\u00eancia nos mais diversos segmentos","description":"Empresa: Conhe\u00e7a a MWM, refer\u00eancia em solu\u00e7\u00f5es dos mais diversos segmentos e com mais de 70 anos de excel\u00eancia. Integrante do grupo Tupy.","robots":{"index":"noindex","follow":"follow","max-snippet":"max-snippet:-1","max-image-preview":"max-image-preview:large","max-video-preview":"max-video-preview:-1"},"og_locale":"pt_BR","og_type":"article","og_title":"A Empresa","og_description":"Empresa: Conhe\u00e7a a MWM, refer\u00eancia em solu\u00e7\u00f5es dos mais diversos segmentos e com mais de 70 anos de excel\u00eancia. Integrante do grupo Tupy.","og_url":"https:\/\/mwm.dreamhosters.com\/pt\/empresa\/","og_site_name":"MWM","article_modified_time":"2025-11-26T00:03:49+00:00","og_image":[{"width":609,"height":600,"url":"https:\/\/mwm.dreamhosters.com\/wp-content\/uploads\/2025\/07\/hero_institucionais_02.jpg","type":"image\/jpeg"}],"twitter_card":"summary_large_image","twitter_misc":{"Est. tempo de leitura":"2 minutos"},"schema":{"@context":"https:\/\/schema.org","@graph":[{"@type":"WebPage","@id":"https:\/\/mwm.dreamhosters.com\/empresa\/","url":"https:\/\/mwm.dreamhosters.com\/empresa\/","name":"Empresa MWM: Excel\u00eancia nos mais diversos segmentos","isPartOf":{"@id":"https:\/\/mwm.dreamhosters.com\/#website"},"primaryImageOfPage":{"@id":"https:\/\/mwm.dreamhosters.com\/empresa\/#primaryimage"},"image":{"@id":"https:\/\/mwm.dreamhosters.com\/empresa\/#primaryimage"},"thumbnailUrl":"https:\/\/mwm.dreamhosters.com\/wp-content\/uploads\/2025\/07\/hero_institucionais_02.jpg","datePublished":"2025-01-02T12:58:32+00:00","dateModified":"2025-11-26T00:03:49+00:00","description":"Empresa: Conhe\u00e7a a MWM, refer\u00eancia em solu\u00e7\u00f5es dos mais diversos segmentos e com mais de 70 anos de excel\u00eancia. Integrante do grupo Tupy.","breadcrumb":{"@id":"https:\/\/mwm.dreamhosters.com\/empresa\/#breadcrumb"},"inLanguage":"pt-BR","potentialAction":[{"@type":"ReadAction","target":["https:\/\/mwm.dreamhosters.com\/empresa\/"]}]},{"@type":"ImageObject","inLanguage":"pt-BR","@id":"https:\/\/mwm.dreamhosters.com\/empresa\/#primaryimage","url":"https:\/\/mwm.dreamhosters.com\/wp-content\/uploads\/2025\/07\/hero_institucionais_02.jpg","contentUrl":"https:\/\/mwm.dreamhosters.com\/wp-content\/uploads\/2025\/07\/hero_institucionais_02.jpg","width":609,"height":600,"caption":"Empresa"},{"@type":"BreadcrumbList","@id":"https:\/\/mwm.dreamhosters.com\/empresa\/#breadcrumb","itemListElement":[{"@type":"ListItem","position":1,"name":"Home","item":"https:\/\/mwm.dreamhosters.com\/"},{"@type":"ListItem","position":2,"name":"A Empresa"}]},{"@type":"WebSite","@id":"https:\/\/mwm.dreamhosters.com\/#website","url":"https:\/\/mwm.dreamhosters.com\/","name":"MWM - Home","description":"Home","publisher":{"@id":"https:\/\/mwm.dreamhosters.com\/#organization"},"alternateName":"Home","potentialAction":[{"@type":"SearchAction","target":{"@type":"EntryPoint","urlTemplate":"https:\/\/mwm.dreamhosters.com\/?s={search_term_string}"},"query-input":{"@type":"PropertyValueSpecification","valueRequired":true,"valueName":"search_term_string"}}],"inLanguage":"pt-BR"},{"@type":"Organization","@id":"https:\/\/mwm.dreamhosters.com\/#organization","name":"MWM Motores e Geradores","url":"https:\/\/mwm.dreamhosters.com\/","logo":{"@type":"ImageObject","inLanguage":"pt-BR","@id":"https:\/\/mwm.dreamhosters.com\/#\/schema\/logo\/image\/","url":"https:\/\/mwm.dreamhosters.com\/wp-content\/uploads\/2025\/06\/Logo-2.png","contentUrl":"https:\/\/mwm.dreamhosters.com\/wp-content\/uploads\/2025\/06\/Logo-2.png","width":130,"height":57,"caption":"MWM Motores e Geradores"},"image":{"@id":"https:\/\/mwm.dreamhosters.com\/#\/schema\/logo\/image\/"}}]}},"_links":{"self":[{"href":"https:\/\/mwm.dreamhosters.com\/pt\/wp-json\/wp\/v2\/pages\/16","targetHints":{"allow":["GET"]}}],"collection":[{"href":"https:\/\/mwm.dreamhosters.com\/pt\/wp-json\/wp\/v2\/pages"}],"about":[{"href":"https:\/\/mwm.dreamhosters.com\/pt\/wp-json\/wp\/v2\/types\/page"}],"author":[{"embeddable":true,"href":"https:\/\/mwm.dreamhosters.com\/pt\/wp-json\/wp\/v2\/users\/1"}],"replies":[{"embeddable":true,"href":"https:\/\/mwm.dreamhosters.com\/pt\/wp-json\/wp\/v2\/comments?post=16"}],"version-history":[{"count":10,"href":"https:\/\/mwm.dreamhosters.com\/pt\/wp-json\/wp\/v2\/pages\/16\/revisions"}],"predecessor-version":[{"id":2103,"href":"https:\/\/mwm.dreamhosters.com\/pt\/wp-json\/wp\/v2\/pages\/16\/revisions\/2103"}],"wp:featuredmedia":[{"embeddable":true,"href":"https:\/\/mwm.dreamhosters.com\/pt\/wp-json\/wp\/v2\/media\/1114"}],"wp:attachment":[{"href":"https:\/\/mwm.dreamhosters.com\/pt\/wp-json\/wp\/v2\/media?parent=16"}],"curies":[{"name":"wp","href":"https:\/\/api.w.org\/{rel}","templated":true}]}}